{"id":33,"date":"2017-11-28T22:11:40","date_gmt":"2017-11-28T21:11:40","guid":{"rendered":"http:\/\/osteopathe-villepreux.fr\/?page_id=33"},"modified":"2022-01-30T22:54:19","modified_gmt":"2022-01-30T21:54:19","slug":"osteopathie","status":"publish","type":"page","link":"https:\/\/osteopathe-villepreux.fr\/?page_id=33","title":{"rendered":"Ost\u00e9opathie"},"content":{"rendered":"<div class=\"fusion-fullwidth fullwidth-box fusion-builder-row-1 nonhundred-percent-fullwidth non-hundred-percent-height-scrolling\" style=\"background-color: rgba(255,255,255,0);background-position: center center;background-repeat: no-repeat;padding-top:0px;padding-right:0px;padding-bottom:0px;padding-left:0px;margin-bottom: 0px;margin-top: 0px;border-width: 0px 0px 0px 0px;border-color:#eae9e9;border-style:solid;\" ><div class=\"fusion-builder-row fusion-row\"><div class=\"fusion-layout-column fusion_builder_column fusion-builder-column-0 fusion_builder_column_1_1 1_1 fusion-one-full fusion-column-first fusion-column-last\" style=\"margin-top:0px;margin-bottom:0px;\"><div class=\"fusion-column-wrapper fusion-flex-column-wrapper-legacy\" style=\"background-position:left top;background-repeat:no-repeat;-webkit-background-size:cover;-moz-background-size:cover;-o-background-size:cover;background-size:cover;padding: 0px 0px 0px 0px;\"><div class=\"fusion-text fusion-text-1\"><p>L&#8217;ost\u00e9opathie est une m\u00e9thode de soin manuelle qui prend en compte la globalit\u00e9 de la personne. Elle vise \u00e0 redonner la mobilit\u00e9 des diff\u00e9rentes structures du corps pour lui permettre de retrouver sa capacit\u00e9 d&#8217;autogu\u00e9rison.<\/p>\n<p>D\u00e9finition de l&#8217;OMS :<\/p>\n<p><i><span style=\"font-weight: 400;\">L\u2019ost\u00e9opathie repose sur l\u2019utilisation du contact manuel pour le diagnostic et le traitement. Elle prend en compte les <\/span><\/i><b><i>relations entre le corps, l\u2019esprit, la raison, la sant\u00e9 et la maladie<\/i><\/b><i><span style=\"font-weight: 400;\">. Elle place l\u2019accent sur l\u2019int\u00e9grit\u00e9 structurelle et fonctionnelle du corps et la <\/span><\/i><b><i>tendance intrins\u00e8que de l\u2019organisme \u00e0 s\u2019auto-gu\u00e9rir.<\/i><\/b><\/p>\n<p><i><span style=\"font-weight: 400;\">Les ost\u00e9opathes utilisent une grande vari\u00e9t\u00e9 de techniques th\u00e9rapeutiques manuelles pour am\u00e9liorer les fonctions physiologiques et\/ou soutenir l\u2019hom\u00e9ostasie alt\u00e9r\u00e9es par des dysfonctions somatiques (les structures du corps), c\u2019est \u00e0 dire une alt\u00e9ration ou une d\u00e9gradation de la fonction des composantes concern\u00e9es du syst\u00e8me somatique : les structures squelettiques, articulaires, et myofasciales, ainsi que les \u00e9l\u00e9ments vasculaires, lymphatiques et neurologiques corr\u00e9l\u00e9s. <\/span><\/i><\/p>\n<p><i><span style=\"font-weight: 400;\">Les ost\u00e9opathes utilisent leur connaissance des relations entre la structure et la fonction pour optimiser les capacit\u00e9s du corps \u00e0 s\u2019auto-r\u00e9guler et \u00e0 s\u2019auto-gu\u00e9rir. Cette <\/span><\/i><b><i>approche holistique<\/i><\/b><i><span style=\"font-weight: 400;\"> de la prise en charge du patient est fond\u00e9e sur le concept que l\u2019\u00eatre humain constitue une <\/span><\/i><b><i>unit\u00e9 fonctionnelle dynamique, dans laquelle toutes les parties sont reli\u00e9es entre elles. <\/i><\/b><i><span style=\"font-weight: 400;\">\u00bb<\/span><\/i><\/p>\n<\/div><div class=\"fusion-clearfix\"><\/div><\/div><\/div><\/div><\/div>\n","protected":false},"excerpt":{"rendered":"","protected":false},"author":2,"featured_media":0,"parent":0,"menu_order":0,"comment_status":"closed","ping_status":"closed","template":"","meta":[],"yoast_head":"<!-- This site is optimized with the Yoast SEO plugin v16.5 - https:\/\/yoast.com\/wordpress\/plugins\/seo\/ -->\n<title>Ost\u00e9opathie - Ost\u00e9opathe Villepreux C\u00e9cile Gillard-Gu\u00e9guen<\/title>\n<meta name=\"robots\" content=\"index, follow, max-snippet:-1, max-image-preview:large, max-video-preview:-1\" \/>\n<link rel=\"canonical\" href=\"http:\/\/osteopathe-villepreux.fr\/?page_id=33\" \/>\n<meta property=\"og:locale\" content=\"en_US\" \/>\n<meta property=\"og:type\" content=\"article\" \/>\n<meta property=\"og:title\" content=\"Ost\u00e9opathie - Ost\u00e9opathe Villepreux C\u00e9cile Gillard-Gu\u00e9guen\" \/>\n<meta property=\"og:url\" content=\"http:\/\/osteopathe-villepreux.fr\/?page_id=33\" \/>\n<meta property=\"og:site_name\" content=\"Ost\u00e9opathe Villepreux C\u00e9cile Gillard-Gu\u00e9guen\" \/>\n<meta property=\"article:modified_time\" content=\"2022-01-30T21:54:19+00:00\" \/>\n<meta name=\"twitter:card\" content=\"summary_large_image\" \/>\n<meta name=\"twitter:label1\" content=\"Est. reading time\" \/>\n\t<meta name=\"twitter:data1\" content=\"2 minutes\" \/>\n<script type=\"application\/ld+json\" class=\"yoast-schema-graph\">{\"@context\":\"https:\/\/schema.org\",\"@graph\":[{\"@type\":\"WebSite\",\"@id\":\"http:\/\/osteopathe-villepreux.fr\/#website\",\"url\":\"http:\/\/osteopathe-villepreux.fr\/\",\"name\":\"Ost\\u00e9opathe Villepreux C\\u00e9cile Gillard-Gu\\u00e9guen\",\"description\":\"Ost\\u00e9opathe certifi\\u00e9e en biokinergie\",\"potentialAction\":[{\"@type\":\"SearchAction\",\"target\":\"http:\/\/osteopathe-villepreux.fr\/?s={search_term_string}\",\"query-input\":\"required name=search_term_string\"}],\"inLanguage\":\"en-US\"},{\"@type\":\"WebPage\",\"@id\":\"http:\/\/osteopathe-villepreux.fr\/?page_id=33#webpage\",\"url\":\"http:\/\/osteopathe-villepreux.fr\/?page_id=33\",\"name\":\"Ost\\u00e9opathie - Ost\\u00e9opathe Villepreux C\\u00e9cile Gillard-Gu\\u00e9guen\",\"isPartOf\":{\"@id\":\"http:\/\/osteopathe-villepreux.fr\/#website\"},\"datePublished\":\"2017-11-28T21:11:40+00:00\",\"dateModified\":\"2022-01-30T21:54:19+00:00\",\"breadcrumb\":{\"@id\":\"http:\/\/osteopathe-villepreux.fr\/?page_id=33#breadcrumb\"},\"inLanguage\":\"en-US\",\"potentialAction\":[{\"@type\":\"ReadAction\",\"target\":[\"http:\/\/osteopathe-villepreux.fr\/?page_id=33\"]}]},{\"@type\":\"BreadcrumbList\",\"@id\":\"http:\/\/osteopathe-villepreux.fr\/?page_id=33#breadcrumb\",\"itemListElement\":[{\"@type\":\"ListItem\",\"position\":1,\"name\":\"Accueil\",\"item\":\"http:\/\/osteopathe-villepreux.fr\/\"},{\"@type\":\"ListItem\",\"position\":2,\"name\":\"Ost\\u00e9opathie\"}]}]}<\/script>\n<!-- \/ Yoast SEO plugin. -->","_links":{"self":[{"href":"https:\/\/osteopathe-villepreux.fr\/index.php?rest_route=\/wp\/v2\/pages\/33"}],"collection":[{"href":"https:\/\/osteopathe-villepreux.fr\/index.php?rest_route=\/wp\/v2\/pages"}],"about":[{"href":"https:\/\/osteopathe-villepreux.fr\/index.php?rest_route=\/wp\/v2\/types\/page"}],"author":[{"embeddable":true,"href":"https:\/\/osteopathe-villepreux.fr\/index.php?rest_route=\/wp\/v2\/users\/2"}],"replies":[{"embeddable":true,"href":"https:\/\/osteopathe-villepreux.fr\/index.php?rest_route=%2Fwp%2Fv2%2Fcomments&post=33"}],"version-history":[{"count":9,"href":"https:\/\/osteopathe-villepreux.fr\/index.php?rest_route=\/wp\/v2\/pages\/33\/revisions"}],"predecessor-version":[{"id":324,"href":"https:\/\/osteopathe-villepreux.fr\/index.php?rest_route=\/wp\/v2\/pages\/33\/revisions\/324"}],"wp:attachment":[{"href":"https:\/\/osteopathe-villepreux.fr\/index.php?rest_route=%2Fwp%2Fv2%2Fmedia&parent=33"}],"curies":[{"name":"wp","href":"https:\/\/api.w.org\/{rel}","templated":true}]}}