{"id":183,"date":"2017-12-11T15:27:00","date_gmt":"2017-12-11T14:27:00","guid":{"rendered":"http:\/\/osteopathe-villepreux.fr\/?page_id=183"},"modified":"2022-01-30T16:09:37","modified_gmt":"2022-01-30T15:09:37","slug":"tarifs-2","status":"publish","type":"page","link":"https:\/\/osteopathe-villepreux.fr\/?page_id=183","title":{"rendered":"Tarifs"},"content":{"rendered":"<div class=\"fusion-fullwidth fullwidth-box fusion-builder-row-1 nonhundred-percent-fullwidth non-hundred-percent-height-scrolling\" style=\"background-color: rgba(255,255,255,0);background-position: center center;background-repeat: no-repeat;padding-top:0px;padding-right:0px;padding-bottom:0px;padding-left:0px;margin-bottom: 0px;margin-top: 0px;border-width: 0px 0px 0px 0px;border-color:#eae9e9;border-style:solid;\" ><div class=\"fusion-builder-row fusion-row\"><div class=\"fusion-layout-column fusion_builder_column fusion-builder-column-0 fusion_builder_column_1_1 1_1 fusion-one-full fusion-column-first fusion-column-last\" style=\"margin-top:0px;margin-bottom:20px;\"><div class=\"fusion-column-wrapper fusion-flex-column-wrapper-legacy\" style=\"background-position:left top;background-repeat:no-repeat;-webkit-background-size:cover;-moz-background-size:cover;-o-background-size:cover;background-size:cover;padding: 0px 0px 0px 0px;\"><div class=\"fusion-text fusion-text-1\"><p>Le tarif pour une s\u00e9ance classique d&#8217;une heure environ est de 60 euros.<\/p>\n<p>Si vous avez une difficult\u00e9 pour trouver un cr\u00e9neau qui vous convienne, je suis joignable au 01.85.40.01.89 ou au 06.81.10.10.67.<\/p>\n<\/div><div class=\"fusion-clearfix\"><\/div><\/div><\/div><\/div><\/div>\n","protected":false},"excerpt":{"rendered":"","protected":false},"author":1,"featured_media":0,"parent":0,"menu_order":0,"comment_status":"closed","ping_status":"closed","template":"","meta":[],"yoast_head":"<!-- This site is optimized with the Yoast SEO plugin v16.5 - https:\/\/yoast.com\/wordpress\/plugins\/seo\/ -->\n<title>Tarifs - Ost\u00e9opathe Villepreux C\u00e9cile Gillard-Gu\u00e9guen<\/title>\n<meta name=\"robots\" content=\"index, follow, max-snippet:-1, max-image-preview:large, max-video-preview:-1\" \/>\n<link rel=\"canonical\" href=\"http:\/\/osteopathe-villepreux.fr\/?page_id=183\" \/>\n<meta property=\"og:locale\" content=\"en_US\" \/>\n<meta property=\"og:type\" content=\"article\" \/>\n<meta property=\"og:title\" content=\"Tarifs - Ost\u00e9opathe Villepreux C\u00e9cile Gillard-Gu\u00e9guen\" \/>\n<meta property=\"og:url\" content=\"http:\/\/osteopathe-villepreux.fr\/?page_id=183\" \/>\n<meta property=\"og:site_name\" content=\"Ost\u00e9opathe Villepreux C\u00e9cile Gillard-Gu\u00e9guen\" \/>\n<meta property=\"article:modified_time\" content=\"2022-01-30T15:09:37+00:00\" \/>\n<meta name=\"twitter:card\" content=\"summary_large_image\" \/>\n<meta name=\"twitter:label1\" content=\"Est. reading time\" \/>\n\t<meta name=\"twitter:data1\" content=\"1 minute\" \/>\n<script type=\"application\/ld+json\" class=\"yoast-schema-graph\">{\"@context\":\"https:\/\/schema.org\",\"@graph\":[{\"@type\":\"WebSite\",\"@id\":\"http:\/\/osteopathe-villepreux.fr\/#website\",\"url\":\"http:\/\/osteopathe-villepreux.fr\/\",\"name\":\"Ost\\u00e9opathe Villepreux C\\u00e9cile Gillard-Gu\\u00e9guen\",\"description\":\"Ost\\u00e9opathe certifi\\u00e9e en biokinergie\",\"potentialAction\":[{\"@type\":\"SearchAction\",\"target\":\"http:\/\/osteopathe-villepreux.fr\/?s={search_term_string}\",\"query-input\":\"required name=search_term_string\"}],\"inLanguage\":\"en-US\"},{\"@type\":\"WebPage\",\"@id\":\"http:\/\/osteopathe-villepreux.fr\/?page_id=183#webpage\",\"url\":\"http:\/\/osteopathe-villepreux.fr\/?page_id=183\",\"name\":\"Tarifs - Ost\\u00e9opathe Villepreux C\\u00e9cile Gillard-Gu\\u00e9guen\",\"isPartOf\":{\"@id\":\"http:\/\/osteopathe-villepreux.fr\/#website\"},\"datePublished\":\"2017-12-11T14:27:00+00:00\",\"dateModified\":\"2022-01-30T15:09:37+00:00\",\"breadcrumb\":{\"@id\":\"http:\/\/osteopathe-villepreux.fr\/?page_id=183#breadcrumb\"},\"inLanguage\":\"en-US\",\"potentialAction\":[{\"@type\":\"ReadAction\",\"target\":[\"http:\/\/osteopathe-villepreux.fr\/?page_id=183\"]}]},{\"@type\":\"BreadcrumbList\",\"@id\":\"http:\/\/osteopathe-villepreux.fr\/?page_id=183#breadcrumb\",\"itemListElement\":[{\"@type\":\"ListItem\",\"position\":1,\"name\":\"Accueil\",\"item\":\"http:\/\/osteopathe-villepreux.fr\/\"},{\"@type\":\"ListItem\",\"position\":2,\"name\":\"Tarifs\"}]}]}<\/script>\n<!-- \/ Yoast SEO plugin. -->","_links":{"self":[{"href":"https:\/\/osteopathe-villepreux.fr\/index.php?rest_route=\/wp\/v2\/pages\/183"}],"collection":[{"href":"https:\/\/osteopathe-villepreux.fr\/index.php?rest_route=\/wp\/v2\/pages"}],"about":[{"href":"https:\/\/osteopathe-villepreux.fr\/index.php?rest_route=\/wp\/v2\/types\/page"}],"author":[{"embeddable":true,"href":"https:\/\/osteopathe-villepreux.fr\/index.php?rest_route=\/wp\/v2\/users\/1"}],"replies":[{"embeddable":true,"href":"https:\/\/osteopathe-villepreux.fr\/index.php?rest_route=%2Fwp%2Fv2%2Fcomments&post=183"}],"version-history":[{"count":4,"href":"https:\/\/osteopathe-villepreux.fr\/index.php?rest_route=\/wp\/v2\/pages\/183\/revisions"}],"predecessor-version":[{"id":314,"href":"https:\/\/osteopathe-villepreux.fr\/index.php?rest_route=\/wp\/v2\/pages\/183\/revisions\/314"}],"wp:attachment":[{"href":"https:\/\/osteopathe-villepreux.fr\/index.php?rest_route=%2Fwp%2Fv2%2Fmedia&parent=183"}],"curies":[{"name":"wp","href":"https:\/\/api.w.org\/{rel}","templated":true}]}}