{"id":159,"date":"2017-12-10T23:33:09","date_gmt":"2017-12-10T22:33:09","guid":{"rendered":"http:\/\/osteopathe-villepreux.fr\/?page_id=159"},"modified":"2022-01-30T16:12:27","modified_gmt":"2022-01-30T15:12:27","slug":"deroulement-dune-seance","status":"publish","type":"page","link":"https:\/\/osteopathe-villepreux.fr\/?page_id=159","title":{"rendered":"D\u00e9roulement d&#8217;une s\u00e9ance"},"content":{"rendered":"<div class=\"fusion-fullwidth fullwidth-box fusion-builder-row-1 nonhundred-percent-fullwidth non-hundred-percent-height-scrolling\" style=\"background-color: rgba(255,255,255,0);background-position: center center;background-repeat: no-repeat;padding-top:0px;padding-right:0px;padding-bottom:0px;padding-left:0px;margin-bottom: 0px;margin-top: 0px;border-width: 0px 0px 0px 0px;border-color:#eae9e9;border-style:solid;\" ><div class=\"fusion-builder-row fusion-row\"><div class=\"fusion-layout-column fusion_builder_column fusion-builder-column-0 fusion_builder_column_1_1 1_1 fusion-one-full fusion-column-first fusion-column-last\" style=\"margin-top:0px;margin-bottom:20px;\"><div class=\"fusion-column-wrapper fusion-flex-column-wrapper-legacy\" style=\"background-position:left top;background-repeat:no-repeat;-webkit-background-size:cover;-moz-background-size:cover;-o-background-size:cover;background-size:cover;padding: 0px 0px 0px 0px;\"><div class=\"fusion-text fusion-text-1\"><p>Il faut compter environ une heure pour une s\u00e9ance. Je ne distingue pas les s\u00e9ances d&#8217;ost\u00e9opathie des s\u00e9ances de biokinergie, harmonisation psycho-corporelle et lecture th\u00e9rapeutique. En effet, les techniques sont appliqu\u00e9es en fonction des besoins qui apparaissent au cours de la s\u00e9ance.<\/p>\n<p>Lors de la premi\u00e8re s\u00e9ance, je cr\u00e9e un dossier qui va retracer vos ant\u00e9c\u00e9dents m\u00e9dicaux, traumatiques, chirurgicaux, &#8220;accidents de vie&#8221;, \u00e9tat g\u00e9n\u00e9ral.<\/p>\n<p>Je m&#8217;enqui\u00e8re du motif de votre visite, consulte les examens m\u00e9dicaux que vous avez pu pratiquer.<\/p>\n<p>Je pratique ensuite un examen visuel, palpatoire, et je mets en mouvement le corps pour pr\u00e9ciser les diff\u00e9rentes zones perturb\u00e9es.<\/p>\n<p>Le traitement se d\u00e9roule en fili\u00e8re, il peut d\u00e9buter \u00e0 distance de la zone douloureuse.<\/p>\n<p>Les techniques sont appliqu\u00e9es en fonction du type de l\u00e9sion retrouv\u00e9e : il peut s&#8217;agir de techniques douces d&#8217;ost\u00e9opathie coupl\u00e9es \u00e0 la respiration, d\u00e9roulements de fascias, manipulations douces (sans douleur), stimulation de points d&#8217;acuponcture, techniques avec une conscience plus \u00e9nerg\u00e9tique pour lever les blocages \u00e9motionnels ou psychiques, verbalisation &#8230;<\/p>\n<p>En fin de s\u00e9ance, je v\u00e9rifie que la fin du traitement est indiqu\u00e9e et que le corps peut int\u00e9grer les propositions correctives effectu\u00e9es.<\/p>\n<p>En fonction de la probl\u00e9matique, je donne des conseils d&#8217;hyi\u00e8ne de vie, \u00e9tirements, relaxation,..<\/p>\n<p>Dans tous les cas, il est recommand\u00e9 de ne pas pratiquer de sport pendant trois jours, de bien s&#8217;hydrater, et surtout de respecter la fatigue \u00e9ventuellement pr\u00e9sente.<\/p>\n<\/div><div class=\"fusion-clearfix\"><\/div><\/div><\/div><\/div><\/div>\n","protected":false},"excerpt":{"rendered":"","protected":false},"author":1,"featured_media":0,"parent":0,"menu_order":0,"comment_status":"closed","ping_status":"closed","template":"","meta":[],"yoast_head":"<!-- This site is optimized with the Yoast SEO plugin v16.5 - https:\/\/yoast.com\/wordpress\/plugins\/seo\/ -->\n<title>D\u00e9roulement d&#039;une s\u00e9ance - Ost\u00e9opathe Villepreux C\u00e9cile Gillard-Gu\u00e9guen<\/title>\n<meta name=\"robots\" content=\"index, follow, max-snippet:-1, max-image-preview:large, max-video-preview:-1\" \/>\n<link rel=\"canonical\" href=\"http:\/\/osteopathe-villepreux.fr\/?page_id=159\" \/>\n<meta property=\"og:locale\" content=\"en_US\" \/>\n<meta property=\"og:type\" content=\"article\" \/>\n<meta property=\"og:title\" content=\"D\u00e9roulement d&#039;une s\u00e9ance - Ost\u00e9opathe Villepreux C\u00e9cile Gillard-Gu\u00e9guen\" \/>\n<meta property=\"og:url\" content=\"http:\/\/osteopathe-villepreux.fr\/?page_id=159\" \/>\n<meta property=\"og:site_name\" content=\"Ost\u00e9opathe Villepreux C\u00e9cile Gillard-Gu\u00e9guen\" \/>\n<meta property=\"article:modified_time\" content=\"2022-01-30T15:12:27+00:00\" \/>\n<meta name=\"twitter:card\" content=\"summary_large_image\" \/>\n<meta name=\"twitter:label1\" content=\"Est. reading time\" \/>\n\t<meta name=\"twitter:data1\" content=\"2 minutes\" \/>\n<script type=\"application\/ld+json\" class=\"yoast-schema-graph\">{\"@context\":\"https:\/\/schema.org\",\"@graph\":[{\"@type\":\"WebSite\",\"@id\":\"http:\/\/osteopathe-villepreux.fr\/#website\",\"url\":\"http:\/\/osteopathe-villepreux.fr\/\",\"name\":\"Ost\\u00e9opathe Villepreux C\\u00e9cile Gillard-Gu\\u00e9guen\",\"description\":\"Ost\\u00e9opathe certifi\\u00e9e en biokinergie\",\"potentialAction\":[{\"@type\":\"SearchAction\",\"target\":\"http:\/\/osteopathe-villepreux.fr\/?s={search_term_string}\",\"query-input\":\"required name=search_term_string\"}],\"inLanguage\":\"en-US\"},{\"@type\":\"WebPage\",\"@id\":\"http:\/\/osteopathe-villepreux.fr\/?page_id=159#webpage\",\"url\":\"http:\/\/osteopathe-villepreux.fr\/?page_id=159\",\"name\":\"D\\u00e9roulement d'une s\\u00e9ance - Ost\\u00e9opathe Villepreux C\\u00e9cile Gillard-Gu\\u00e9guen\",\"isPartOf\":{\"@id\":\"http:\/\/osteopathe-villepreux.fr\/#website\"},\"datePublished\":\"2017-12-10T22:33:09+00:00\",\"dateModified\":\"2022-01-30T15:12:27+00:00\",\"breadcrumb\":{\"@id\":\"http:\/\/osteopathe-villepreux.fr\/?page_id=159#breadcrumb\"},\"inLanguage\":\"en-US\",\"potentialAction\":[{\"@type\":\"ReadAction\",\"target\":[\"http:\/\/osteopathe-villepreux.fr\/?page_id=159\"]}]},{\"@type\":\"BreadcrumbList\",\"@id\":\"http:\/\/osteopathe-villepreux.fr\/?page_id=159#breadcrumb\",\"itemListElement\":[{\"@type\":\"ListItem\",\"position\":1,\"name\":\"Accueil\",\"item\":\"http:\/\/osteopathe-villepreux.fr\/\"},{\"@type\":\"ListItem\",\"position\":2,\"name\":\"D\\u00e9roulement d&#8217;une s\\u00e9ance\"}]}]}<\/script>\n<!-- \/ Yoast SEO plugin. -->","_links":{"self":[{"href":"https:\/\/osteopathe-villepreux.fr\/index.php?rest_route=\/wp\/v2\/pages\/159"}],"collection":[{"href":"https:\/\/osteopathe-villepreux.fr\/index.php?rest_route=\/wp\/v2\/pages"}],"about":[{"href":"https:\/\/osteopathe-villepreux.fr\/index.php?rest_route=\/wp\/v2\/types\/page"}],"author":[{"embeddable":true,"href":"https:\/\/osteopathe-villepreux.fr\/index.php?rest_route=\/wp\/v2\/users\/1"}],"replies":[{"embeddable":true,"href":"https:\/\/osteopathe-villepreux.fr\/index.php?rest_route=%2Fwp%2Fv2%2Fcomments&post=159"}],"version-history":[{"count":4,"href":"https:\/\/osteopathe-villepreux.fr\/index.php?rest_route=\/wp\/v2\/pages\/159\/revisions"}],"predecessor-version":[{"id":315,"href":"https:\/\/osteopathe-villepreux.fr\/index.php?rest_route=\/wp\/v2\/pages\/159\/revisions\/315"}],"wp:attachment":[{"href":"https:\/\/osteopathe-villepreux.fr\/index.php?rest_route=%2Fwp%2Fv2%2Fmedia&parent=159"}],"curies":[{"name":"wp","href":"https:\/\/api.w.org\/{rel}","templated":true}]}}