{"id":157,"date":"2017-12-10T23:33:09","date_gmt":"2017-12-10T22:33:09","guid":{"rendered":"http:\/\/osteopathe-villepreux.fr\/?page_id=157"},"modified":"2022-01-30T16:14:54","modified_gmt":"2022-01-30T15:14:54","slug":"pour-qui","status":"publish","type":"page","link":"https:\/\/osteopathe-villepreux.fr\/?page_id=157","title":{"rendered":"Pour qui, pourquoi?"},"content":{"rendered":"<div class=\"fusion-fullwidth fullwidth-box fusion-builder-row-1 nonhundred-percent-fullwidth non-hundred-percent-height-scrolling\" style=\"background-color: rgba(255,255,255,0);background-position: center center;background-repeat: no-repeat;padding-top:0px;padding-right:0px;padding-bottom:0px;padding-left:0px;margin-bottom: 0px;margin-top: 0px;border-width: 0px 0px 0px 0px;border-color:#eae9e9;border-style:solid;\" ><div class=\"fusion-builder-row fusion-row\"><div class=\"fusion-layout-column fusion_builder_column fusion-builder-column-0 fusion_builder_column_1_1 1_1 fusion-one-full fusion-column-first fusion-column-last\" style=\"margin-top:0px;margin-bottom:20px;\"><div class=\"fusion-column-wrapper fusion-flex-column-wrapper-legacy\" style=\"background-position:left top;background-repeat:no-repeat;-webkit-background-size:cover;-moz-background-size:cover;-o-background-size:cover;background-size:cover;padding: 0px 0px 0px 0px;\"><div class=\"fusion-text fusion-text-1\"><p>Les s\u00e9ances d&#8217;ost\u00e9opathie-biokinergie-lecture th\u00e9rapeutique peuvent \u00eatre pratiqu\u00e9es \u00e0 tout \u00e2ge, suite \u00e0 un traumatisme physique ou psychologique, ou en pr\u00e9vention.<\/p>\n<p>On recommande de pratiquer une s\u00e9ance chez le nourrisson pour s&#8217;assurer que la naissance n&#8217;a pas laiss\u00e9 de l\u00e9sion, notamment apr\u00e8s une c\u00e9sarienne ou l&#8217;utilisation de forceps. Une s\u00e9ance peut \u00eatre indiqu\u00e9e en cas de r\u00e9gurgitations, probl\u00e8mes de sommeil, agitation, transit perturb\u00e9, torticolis cong\u00e9nital&#8230;<\/p>\n<p>Chez les enfants, une s\u00e9ance est souhait\u00e9e apr\u00e8s un gros traumatisme, une difficult\u00e9 dans l&#8217;acquisition de la motricit\u00e9, un changement dans les habitudes de vie, un trouble de la statique vert\u00e9brale, en accompagnement d&#8217;un traitement orthodontique,&#8230;<\/p>\n<p>En ce qui concerne les adultes, les indications sont diverses : elles peuvent concerner les troubles de l&#8217;appareil locomoteur, du syst\u00e8me digestif, pratique d&#8217;un sport, maux de t\u00eate, troubles hormonaux, du sommeil, troubles de l&#8217;humeur, accompagnement d&#8217;une grossesse ou d&#8217;un projet d&#8217;enfant, grands changements de vie, situation difficile \u00e0 int\u00e9grer, &#8230;<\/p>\n<\/div><div class=\"fusion-clearfix\"><\/div><\/div><\/div><\/div><\/div>\n","protected":false},"excerpt":{"rendered":"","protected":false},"author":1,"featured_media":0,"parent":0,"menu_order":0,"comment_status":"closed","ping_status":"closed","template":"","meta":[],"yoast_head":"<!-- This site is optimized with the Yoast SEO plugin v16.5 - https:\/\/yoast.com\/wordpress\/plugins\/seo\/ -->\n<title>Pour qui, pourquoi? - Ost\u00e9opathe Villepreux C\u00e9cile Gillard-Gu\u00e9guen<\/title>\n<meta name=\"robots\" content=\"index, follow, max-snippet:-1, max-image-preview:large, max-video-preview:-1\" \/>\n<link rel=\"canonical\" href=\"http:\/\/osteopathe-villepreux.fr\/?page_id=157\" \/>\n<meta property=\"og:locale\" content=\"en_US\" \/>\n<meta property=\"og:type\" content=\"article\" \/>\n<meta property=\"og:title\" content=\"Pour qui, pourquoi? - Ost\u00e9opathe Villepreux C\u00e9cile Gillard-Gu\u00e9guen\" \/>\n<meta property=\"og:url\" content=\"http:\/\/osteopathe-villepreux.fr\/?page_id=157\" \/>\n<meta property=\"og:site_name\" content=\"Ost\u00e9opathe Villepreux C\u00e9cile Gillard-Gu\u00e9guen\" \/>\n<meta property=\"article:modified_time\" content=\"2022-01-30T15:14:54+00:00\" \/>\n<meta name=\"twitter:card\" content=\"summary_large_image\" \/>\n<meta name=\"twitter:label1\" content=\"Est. reading time\" \/>\n\t<meta name=\"twitter:data1\" content=\"2 minutes\" \/>\n<script type=\"application\/ld+json\" class=\"yoast-schema-graph\">{\"@context\":\"https:\/\/schema.org\",\"@graph\":[{\"@type\":\"WebSite\",\"@id\":\"http:\/\/osteopathe-villepreux.fr\/#website\",\"url\":\"http:\/\/osteopathe-villepreux.fr\/\",\"name\":\"Ost\\u00e9opathe Villepreux C\\u00e9cile Gillard-Gu\\u00e9guen\",\"description\":\"Ost\\u00e9opathe certifi\\u00e9e en biokinergie\",\"potentialAction\":[{\"@type\":\"SearchAction\",\"target\":\"http:\/\/osteopathe-villepreux.fr\/?s={search_term_string}\",\"query-input\":\"required name=search_term_string\"}],\"inLanguage\":\"en-US\"},{\"@type\":\"WebPage\",\"@id\":\"http:\/\/osteopathe-villepreux.fr\/?page_id=157#webpage\",\"url\":\"http:\/\/osteopathe-villepreux.fr\/?page_id=157\",\"name\":\"Pour qui, pourquoi? - Ost\\u00e9opathe Villepreux C\\u00e9cile Gillard-Gu\\u00e9guen\",\"isPartOf\":{\"@id\":\"http:\/\/osteopathe-villepreux.fr\/#website\"},\"datePublished\":\"2017-12-10T22:33:09+00:00\",\"dateModified\":\"2022-01-30T15:14:54+00:00\",\"breadcrumb\":{\"@id\":\"http:\/\/osteopathe-villepreux.fr\/?page_id=157#breadcrumb\"},\"inLanguage\":\"en-US\",\"potentialAction\":[{\"@type\":\"ReadAction\",\"target\":[\"http:\/\/osteopathe-villepreux.fr\/?page_id=157\"]}]},{\"@type\":\"BreadcrumbList\",\"@id\":\"http:\/\/osteopathe-villepreux.fr\/?page_id=157#breadcrumb\",\"itemListElement\":[{\"@type\":\"ListItem\",\"position\":1,\"name\":\"Accueil\",\"item\":\"http:\/\/osteopathe-villepreux.fr\/\"},{\"@type\":\"ListItem\",\"position\":2,\"name\":\"Pour qui, pourquoi?\"}]}]}<\/script>\n<!-- \/ Yoast SEO plugin. -->","_links":{"self":[{"href":"https:\/\/osteopathe-villepreux.fr\/index.php?rest_route=\/wp\/v2\/pages\/157"}],"collection":[{"href":"https:\/\/osteopathe-villepreux.fr\/index.php?rest_route=\/wp\/v2\/pages"}],"about":[{"href":"https:\/\/osteopathe-villepreux.fr\/index.php?rest_route=\/wp\/v2\/types\/page"}],"author":[{"embeddable":true,"href":"https:\/\/osteopathe-villepreux.fr\/index.php?rest_route=\/wp\/v2\/users\/1"}],"replies":[{"embeddable":true,"href":"https:\/\/osteopathe-villepreux.fr\/index.php?rest_route=%2Fwp%2Fv2%2Fcomments&post=157"}],"version-history":[{"count":4,"href":"https:\/\/osteopathe-villepreux.fr\/index.php?rest_route=\/wp\/v2\/pages\/157\/revisions"}],"predecessor-version":[{"id":316,"href":"https:\/\/osteopathe-villepreux.fr\/index.php?rest_route=\/wp\/v2\/pages\/157\/revisions\/316"}],"wp:attachment":[{"href":"https:\/\/osteopathe-villepreux.fr\/index.php?rest_route=%2Fwp%2Fv2%2Fmedia&parent=157"}],"curies":[{"name":"wp","href":"https:\/\/api.w.org\/{rel}","templated":true}]}}